{"id":14063,"date":"2019-04-01T15:09:26","date_gmt":"2019-04-01T13:09:26","guid":{"rendered":"https:\/\/mommsenwieland.de\/?page_id=14063"},"modified":"2026-02-12T10:19:15","modified_gmt":"2026-02-12T09:19:15","slug":"data-privacy","status":"publish","type":"page","link":"https:\/\/mommsenwieland.de\/en\/data-privacy\/","title":{"rendered":"Data Privacy"},"content":{"rendered":"<p>[vc_row][vc_column]<div class=\"grve-element grve-slogan grve-align-left\" style=\"margin-bottom: 5%;\"><h2 class=\"grve-slogan-title grve-align-left grve-h2\"><span>DATENSCHUTZERKL\u00c4RUNG<\/span><\/h2><\/div>[\/vc_column][\/vc_row][vc_row heading_color=&#8221;primary-1&#8243; columns_gap=&#8221;60&#8243;][vc_column width=&#8221;1\/2&#8243;][vc_column_text]Danke f\u00fcr Ihr Interesse an unserem Unternehmen. Nachfolgend finden Sie Informationen \u00fcber den Umgang mit Ihren personenbezogenen Daten gem. Art. 13 Datenschutzgrundverordnung (DSGVO) beim Besuch unserer Website.<br \/>\nPersonenbezogene Daten (Nachname, Vorname, E-Mail-Adresse), die Sie unter \u201eKontakt\u201c eingeben, werden nicht zu Werbezwecken an Dritte weitergegeben. Sie werden nur zur Bearbeitung Ihrer Anfrage gespeichert und nur dann weitergegeben, wenn dies die Bearbeitung Ihrer Anfrage erfordert. Die Daten verwenden wir ausschlie\u00dflich, um Ihre Anfrage zu bearbeiten und zu beantworten.<\/p>\n<h3>Verantwortlich f\u00fcr die Verarbeitung von personenbezogenen Daten auf dieser Website ist:<\/h3>\n<p>Quest Development GmbH<br \/>\nGesch\u00e4ftsf\u00fchrer:<br \/>\nKira Groth, Martin G\u00f6rge, Nils Femmer<br \/>\nWarburgstra\u00dfe 18 | 20354 Hamburg<br \/>\nT: +49(0)40 607 734 50<br \/>\nF: +49(0)40 607 734 510<br \/>\ninfo@quest-investment.com<br \/>\nwww.quest-investment.com<\/p>\n<p>Unser Internetserviceprovider sammelt zus\u00e4tzlich bei Ihrem Besuch in Logfiles folgende Daten: den Namen Ihres Internetserviceproviders, die IP-Adresse sowie die Internetseite, von der Sie auf unsere Seite gekommen sind, au\u00dferdem Datum, Uhrzeit und Dauer Ihres Besuches und die Internetseiten, die Sie bei uns besucht haben. Ein Personenbezug wird dabei nicht hergestellt, die Daten dienen ausschlie\u00dflich statistischen Zwecken.<\/p>\n<h3>Verwendung von Cookies<\/h3>\n<p>F\u00fcr die Optimierung der Anzeige und der Benutzung unserer Website verwenden wir Cookies. Das sind Textinformationen, die beim Besuch der Website \u00fcber den Browser auf einem Computer gespeichert werden. Diese Daten werden von uns nicht ausgewertet. Die meisten Webbrowser akzeptieren Cookies automatisch. Cookies k\u00f6nnen Sie jederzeit \u00fcber die Einstellungen Ihres Webbrowsers l\u00f6schen. Sie k\u00f6nnen Cookies aber auch blockieren, indem Sie bestimmte Einstellungen in Ihrem Internetbrowser vornehmen. In diesem Fall sind unter Umst\u00e4nden nicht alle Funktionen unserer Website f\u00fcr Sie verf\u00fcgbar.<\/p>\n<h3>Buttons mit Links zu sozialen Netzwerken<\/h3>\n<p>Durch die Buttons mit Links zu unseren Auftritten bei Facebook, Google+, Xing, LinkedIn und Twitter werden keine Daten zu den Netzwerken \u00fcbertragen. Sobald Sie jedoch die Buttons anklicken, verlassen Sie unsere Internetseite und befinden sich auf den Internetseiten der ausgew\u00e4hlten sozialen Netzwerke. Entsprechend gelten die Datenschutzerkl\u00e4rungen der jeweiligen sozialen Netzwerke, f\u00fcr die wir keine Verantwortung \u00fcbernehmen. Entsprechend Ihrer Browser-Einstellung werden auf diesen Seiten personenbezogene Daten von Ihnen gesammelt.<br \/>\nAuf unseren Internetseiten verzichten wir auf \u201eGef\u00e4llt-mir-Buttons\u201c von Facebook, um zu vermeiden, dass diese bereits Daten \u00fcber Sie sammeln, bevor Sie diese Buttons \u00fcberhaupt angeklickt haben. Wir freuen uns, wenn Sie uns ein \u201eLike\u201c geben m\u00f6chten. Daf\u00fcr klicken Sie bitte auf den Button mit dem Link zu Facebook und bet\u00e4tigen dort den \u201eGef\u00e4llt-mir-Button\u201c.<br \/>\nAus datenschutzrechtlichen Gr\u00fcnden verzichten wir auf die Integration von Social Media Scripts, weil im Hintergrund soziale Tracking-Dienst-Methoden verwendet werden. Damit Sie beispielsweise Beitr\u00e4ge in unserem Blog mit \u201egef\u00e4llt mir\u201c markieren k\u00f6nnen oder diese teilen k\u00f6nnen, haben wir entsprechende \u201eTeilen\u201c-Buttons f\u00fcr Facebook, Twitter und Google+ eingef\u00fcgt. Falls Sie einen der Buttons anklicken, erhalten Sie den Hinweis, dass die sozialen Medien Analyse-Scripts im Hintergrund laden, um das Nutzerverhalten zu erfassen. Der Beitrag wird erst geteilt und entsprechende Skripte geladen, wenn Sie dem zustimmen.<\/p>\n<h3>Einsatz von Google Analytics<\/h3>\n<p>Wir benutzen Google Analytics, um die Nutzung unserer Website analysieren und verbessern zu k\u00f6nnen. <strong>Die Datenverarbeitung erfolgt auf Grundlage von Art. 6 Abs. 1 DSGVO.<\/strong> Google Analytics ist ein Webanalysedienst der Google Inc. und verwendet sog. \u201eCookies\u201c, also Textdateien, die auf Ihrem Computer gespeichert werden und die eine Analyse der Benutzung der Website durch Sie erm\u00f6glichen. Die durch das Cookie erzeugten Informationen \u00fcber Ihre Benutzung dieser Website werden in der Regel an einen Server von Google in den USA \u00fcbertragen und dort gespeichert. Im Fall der Aktivierung der IP-Anonymisierung auf dieser Website, wird Ihre IP-Adresse an einen Server von Google in den USA \u00fcbertragen und dort zuvor gek\u00fcrzt. In Ausnahmef\u00e4llen wird die volle IP-Adresse an einen Server von Google in den USA \u00fcbertragen und dort gek\u00fcrzt.<br \/>\nIm Auftrag des Betreibers dieser Website wird Google diese Informationen benutzen, um den Besuch auf der Website auszuwerten, um Reports \u00fcber die Websiteaktivit\u00e4ten zusammenzustellen und um weitere mit der Websitenutzung und der Internetnutzung verbundene Dienstleistungen gegen\u00fcber dem Websitebetreiber zu erbringen.Die im Rahmen von Google Analytics von Ihrem Browser \u00fcbermittelte IP-Adresse wird nicht mit anderen Daten von Google zusammengef\u00fchrt. Die Speicherung der Cookies k\u00f6nnen Sie durch eine entsprechende Einstellung Ihrer Browser-Software verhindern. Es besteht jedoch die M\u00f6glichkeit, dass Sie in diesem Fall gegebenenfalls nicht s\u00e4mtliche Funktionen dieser Website vollumf\u00e4nglich nutzen k\u00f6nnen.<br \/>\nSie k\u00f6nnen die Erfassung der durch das Cookie erzeugten und auf Ihre Nutzung der Website bezogenen Daten (inkl. Ihrer IP-Adresse) an Google sowie die Verarbeitung dieser Daten durch Google verhindern, indem Sie verf\u00fcgbare Browser-Plugin herunterladen und installieren. Link (<u><a href=\"http:\/\/tools.google.com\/dlpage\/gaoptout?hl=de\">http:\/\/tools.google.com\/dlpage\/gaoptout?hl=de<\/a><\/u>)Die Erfassung durch Google Analytics k\u00f6nnen Sie verhindern, indem Sie auf den gr\u00fcnen Button \u201eAnalytics Einstellungen\u201c klicken. Dort k\u00f6nnen Sie w\u00e4hlen, ob Sie Google Analytics zulassen, deaktivieren oder einmalig zulassen. Im Falle, dass Sie Google Analytics dort deaktivieren, wird ein Opt-Out-Cookie gesetzt, das die zuk\u00fcnftige Erfassung Ihrer Daten beim Besuch dieser Website verhindert.N\u00e4here Informationen zu Nutzungsbedingungen und Datenschutz von Google finden Sie unter:<br \/>\n<u><a href=\"http:\/\/www.google.com\/analytics\/terms\/de.html\">www.google.com\/analytics\/terms\/de.html<\/a><\/u><br \/>\n<u><a href=\"http:\/\/www.google.de\/intl\/de\/policies\/\">www.google.de\/intl\/de\/policies\/<\/a><\/u><\/p>\n<div class=\"grve-element grve-text link-2\"><\/div>\n<p>[\/vc_column_text][\/vc_column][vc_column width=&#8221;1\/2&#8243;][vc_column_text]<\/p>\n<h3>Google Maps<\/h3>\n<p>Als Service f\u00fcr Sie nutzen wir auf unserer Seite Google Maps \u2013 dies erm\u00f6glicht die praktische Nutzung der Kartenfunktion. Durch die Nutzung von Google Maps werden Daten an Google in den USA \u00fcbermittelt, darunter Ihre IP-Adresse. Falls Sie das nicht w\u00fcnschen, ist es m\u00f6glich, dass Sie in Ihren Browsereinstellungen JavaScript deaktivieren und entsprechend Google Maps nicht nutzen.<\/p>\n<p>N\u00e4here Informationen zu den Nutzungsbedingungen von Google: www.google.com\/analytics\/terms\/de.htlm<\/p>\n<p>Informationen zum Datenschutz von Google:<br \/>\nwww.google.com\/intl\/de_US\/help\/terms_maps.html<br \/>\nhttp:\/\/www.google.com\/intl\/de_US\/help\/terms_maps.htlm<\/p>\n<h3>Nutzung von Adobe Type<\/h3>\n<p>Durch die Verwendung von Website Typekit Fonts auf unserer Website k\u00f6nnen wir bestimmte Schriftarten verwenden.<\/p>\n<p>Wie verwendet der Dienst \u201eAdobe Fonts\u201c f\u00fcr Websites Cookies?<br \/>\nBei der Bereitstellung der Adobe Fonts-Website (fonts.adobe.com) verwenden wir Cookies gem\u00e4\u00df unserer Datenschutzerkl\u00e4rung.<br \/>\nIm Zuge der Bereitstellung des Diensts \u201eAdobe Fonts\u201c f\u00fcr Websites platzieren oder verwenden wir keine Cookies auf Websites, um unsere Schriften bereitzustellen.<\/p>\n<p>Welche Informationen werden vom Dienst \u201eAdobe Fonts\u201c f\u00fcr Websites erfasst?<br \/>\nZur Bereitstellung des Diensts \u201eAdobe Fonts\u201c f\u00fcr Websites kann Adobe Informationen \u00fcber die Schriften bzw. Schriftarten erfassen, die f\u00fcr Ihre Website bereitgestellt werden. Die Informationen werden zur Abrechnung und Einhaltung von Vorschriften verwendet und k\u00f6nnen Folgendes umfassen:<\/p>\n<ul>\n<li>bereitgestellte Schriften<\/li>\n<li>ID des Webprojekts<\/li>\n<li>JavaScript-Version des Webprojekts (String)<\/li>\n<li>Art des Webprojekts (String \u201econfigurable\u201c oder \u201edynamic\u201c)<\/li>\n<li>Einbettungstyp (ob Sie den JavaScript- oder CSS-Einbettungscode verwenden)<\/li>\n<li>Konto-ID (identifiziert den Kunden, von dem das Webprojekt stammt)<\/li>\n<li>Dienst, der die Schriftarten bereitstellt (z. B. Adobe Fonts)<\/li>\n<li>Server, der die Schriftarten bereitstellt (z. B. Server von Adobe Fonts oder Unternehmens-CDN)<\/li>\n<li>Hostname der Seite, auf der die Schriften geladen werden<\/li>\n<\/ul>\n<p>Wie verwendet der Dienst \u201eAdobe Fonts\u201c f\u00fcr Websites die von ihm erfassten Informationen?<br \/>\nAdobe verwendet die von Websites, die Adobe Fonts nutzen, erfassten Informationen, um den Dienst \u201eAdobe Fonts\u201c bereitzustellen und Liefer- oder Download-Probleme zu diagnostizieren. Diese Informationen werden auch genutzt, um die Vertr\u00e4ge von Adobe mit den Schriftenherstellern, deren Schriften verwendet werden, zu bezahlen und zu erf\u00fcllen. Wir teilen aggregierte Berichte mit Schriftenherstellern und best\u00e4tigen m\u00f6glicherweise einem Schriftenhersteller gegen\u00fcber, dass Sie \u00fcber eine g\u00fcltige Lizenz von Adobe verf\u00fcgen, geben aber anderweitig Ihre personenbezogenen Informationen nicht an Schriftenhersteller weiter.<\/p>\n<p>Adobe nimmt an dem EU-US-Privacy Shield teil:<br \/>\nwww.privacyshield.gov\/EU-US-framework<br \/>\nhttp:\/\/www.privacyshield.gov\/EU-US-Framework<\/p>\n<h3>Rechtsgrundlagen<\/h3>\n<p>Rechtsgrundlage f\u00fcr die Datenverarbeitung auf dieser Internetseite ist die EU-Datenschutz-Grundverordnung. Die Daten werden nur so lange gespeichert, wie dies f\u00fcr die oben genannten Zwecke erforderlich ist oder gesetzliche Vorgaben dies fordern.<\/p>\n<h3>Anfragen<\/h3>\n<p>Aufsichtsbeh\u00f6rden sind die Landesbeauftragten f\u00fcr Datenschutz. An die k\u00f6nnen Sie sich wenden, wenn Sie bei uns Unregelm\u00e4\u00dfigkeiten im Datenschutz vermuten. Sie k\u00f6nnen sich auch direkt an unseren Datenschutzbeauftragten wenden.<\/p>\n<p>Entsprechend dem geltenden Auskunftsrecht gem. Art. 15 DSGVO teilen wir Ihnen auf Anfrage gerne mit, ob und welche pers\u00f6nlichen Daten wir \u00fcber Sie bei uns gespeichert haben. Sie haben das Recht, unverz\u00fcglich die Berichtigung Sie betreffender unrichtiger personenbezogener Daten zu verlangen. Sie haben zudem das Recht, zu verlangen, dass Sie betreffende personenbezogene Daten unverz\u00fcglich gel\u00f6scht werden (gem. Art. 16 und 17 DSGVO).<\/p>\n<p>F\u00fcr Ausk\u00fcnfte oder Anregungen zum Thema Datenschutz steht Ihnen unser Datenschutzbeauftragter gern zur Verf\u00fcgung:<\/p>\n<p>Datenschutzbeauftragter:<br \/>\ndatenschutz@quest-investment.com[\/vc_column_text][\/vc_column][\/vc_row]<\/p>\n","protected":false},"excerpt":{"rendered":"<p>[vc_row][vc_column][\/vc_column][\/vc_row][vc_row heading_color=&#8221;primary-1&#8243; columns_gap=&#8221;60&#8243;][vc_column width=&#8221;1\/2&#8243;][vc_column_text]Danke f\u00fcr Ihr Interesse an unserem Unternehmen. Nachfolgend finden Sie Informationen \u00fcber den Umgang mit Ihren personenbezogenen Daten gem. Art. 13 Datenschutzgrundverordnung (DSGVO) beim Besuch unserer Website. Personenbezogene Daten (Nachname, Vorname, E-Mail-Adresse), die Sie unter \u201eKontakt\u201c eingeben, werden nicht zu Werbezwecken an Dritte weitergegeben. Sie werden nur zur Bearbeitung Ihrer Anfrage gespeichert [&hellip;]<\/p>\n","protected":false},"author":4,"featured_media":0,"parent":0,"menu_order":0,"comment_status":"closed","ping_status":"closed","template":"","meta":[],"_links":{"self":[{"href":"https:\/\/mommsenwieland.de\/en\/wp-json\/wp\/v2\/pages\/14063"}],"collection":[{"href":"https:\/\/mommsenwieland.de\/en\/wp-json\/wp\/v2\/pages"}],"about":[{"href":"https:\/\/mommsenwieland.de\/en\/wp-json\/wp\/v2\/types\/page"}],"author":[{"embeddable":true,"href":"https:\/\/mommsenwieland.de\/en\/wp-json\/wp\/v2\/users\/4"}],"replies":[{"embeddable":true,"href":"https:\/\/mommsenwieland.de\/en\/wp-json\/wp\/v2\/comments?post=14063"}],"version-history":[{"count":10,"href":"https:\/\/mommsenwieland.de\/en\/wp-json\/wp\/v2\/pages\/14063\/revisions"}],"predecessor-version":[{"id":14434,"href":"https:\/\/mommsenwieland.de\/en\/wp-json\/wp\/v2\/pages\/14063\/revisions\/14434"}],"wp:attachment":[{"href":"https:\/\/mommsenwieland.de\/en\/wp-json\/wp\/v2\/media?parent=14063"}],"curies":[{"name":"wp","href":"https:\/\/api.w.org\/{rel}","templated":true}]}}